{"id":1256,"date":"2015-02-05T09:30:28","date_gmt":"2015-02-05T09:30:28","guid":{"rendered":"http:\/\/import.sungeetheme.com\/?page_id=1256"},"modified":"2024-01-08T17:10:46","modified_gmt":"2024-01-08T23:10:46","slug":"inicio","status":"publish","type":"page","link":"https:\/\/fregaderoscm.com\/cm\/","title":{"rendered":"Inicio"},"content":{"rendered":"\r\n\r\n    <section id=\"fullwidth-1\" class=\"b-bg-block-meadow b-infoblock b-bg-block-mobile b-product-launch b-pl-mobile-block\" >\r\n            <style type=\"text\/css\" scoped=\"scoped\">\r\n        #fullwidth-1.b-bg-block-meadow, .b-bg-fullwidth-1.b-bg-parallax {\r\n                                                background:  url(\"http:\/\/fregaderoscm.com\/cm\/wp-content\/uploads\/2015\/09\/21.jpg\");\r\n                                        background-repeat: ;\r\n            background-position: Center Bottom;\r\n                        border: 0px solid ;\r\n                            background-size: cover;\r\n                    }\r\n\r\n        #fullwidth-1.b-bg-block-meadow > div,\r\n        #fullwidth-1.parallax-section-bg > .b-bg-block__person,\r\n        #fullwidth-1.b-bg-video .b-bg-video_cont {\r\n                            padding-top: 0px;\r\n                                        padding-bottom: 40px;\r\n                    }\r\n    <\/style>\r\n        <div class=\"container\">\r\n            <div class=\"row\">\r\n    <\/div>\r\n<div class=\"col-sm-6 \" >\r\n    <\/div>\r\n\n        <\/div>\r\n    <\/section>\r\n    \n[\/frexy_column]<div class=\"col-sm-6 \" >\r\n    <\/div>\r\n[\/frexy_columns][\/frexy_fullwidth]\r\n\r\n    <section id=\"fullwidth-2\" class=\"b-bg-block-meadow b-null-bottom-indent b-infoblock-with-icon-group clearfix b-infoblock-with-icon--sm f-infoblock-with-icon--sm b-infoblock-with-icon--colored-bg b-info-container b-pl-content-box\" >\r\n            <style type=\"text\/css\" scoped=\"scoped\">\r\n        #fullwidth-2.b-bg-block-meadow, .b-bg-fullwidth-2.b-bg-parallax {\r\n                        background-repeat: no-repeat;\r\n            background-position: Left Top;\r\n                        border: 0px solid ;\r\n                    }\r\n\r\n        #fullwidth-2.b-bg-block-meadow > div,\r\n        #fullwidth-2.parallax-section-bg > .b-bg-block__person,\r\n        #fullwidth-2.b-bg-video .b-bg-video_cont {\r\n                            padding-top: 140px;\r\n                                        padding-bottom: 20px;\r\n                    }\r\n    <\/style>\r\n        <div class=\"container\">\r\n            \n\r\n    <section  class=\"b-infoblock-with-icon-group row b-infoblock-with-icon--sm f-infoblock-with-icon--sm \">\r\n            <div class=\"col-sm-4 col-sm-12  col-sm-12 col-xs-12\">        <div class=\"b-infoblock-with-icon\">            <a href=\"http:\/\/fregaderoscm.com\/cm\/categoria-producto\/linea-plus\/\" target=\"_self\" class=\"b-infoblock-with-icon__icon f-infoblock-with-icon__icon fade-in-animate\">                <i class=\"fa fa-tint\"><\/i>            <\/a>            <div class=\"b-infoblock-with-icon__info f-infoblock-with-icon__info\">                <a href=\"http:\/\/fregaderoscm.com\/cm\/categoria-producto\/linea-plus\/\" target=\"_self\" class=\"f-infoblock-with-icon__info_title b-infoblock-with-icon__info_title f-primary-sb\">L\u00ednea PLUS<\/a>                <div class=\"f-infoblock-with-icon__info_text b-infoblock-with-icon__info_text\">Fregaderos de gama alta fabricados en acero inoxidable calibre 22, para altas exigencias.<\/div>            <\/div>        <\/div>    <\/div>    <div class=\"col-sm-4 col-sm-12  col-sm-12 col-xs-12\">        <div class=\"b-infoblock-with-icon\">            <a href=\"http:\/\/fregaderoscm.com\/cm\/categoria-producto\/linea-milenio\/\" target=\"_self\" class=\"b-infoblock-with-icon__icon f-infoblock-with-icon__icon fade-in-animate\">                <i class=\"fa fa-spinner\"><\/i>            <\/a>            <div class=\"b-infoblock-with-icon__info f-infoblock-with-icon__info\">                <a href=\"http:\/\/fregaderoscm.com\/cm\/categoria-producto\/linea-milenio\/\" target=\"_self\" class=\"f-infoblock-with-icon__info_title b-infoblock-with-icon__info_title f-primary-sb\">L\u00ednea MILENIO<\/a>                <div class=\"f-infoblock-with-icon__info_text b-infoblock-with-icon__info_text\">Es nuestra l\u00ednea m\u00e1s econ\u00f3mica y moderna. Dise\u00f1ada para las necesidades del mercado actual y manteniendo la calidad que nos caracteriza desde hace 40 a\u00f1os.<\/div>            <\/div>        <\/div>    <\/div>    <div class=\"col-sm-4 col-sm-12  col-sm-12 col-xs-12\">        <div class=\"b-infoblock-with-icon\">            <a href=\"http:\/\/fregaderoscm.com\/cm\/categoria-producto\/linea-submontar\/\" target=\"_self\" class=\"b-infoblock-with-icon__icon f-infoblock-with-icon__icon fade-in-animate\">                <i class=\"fa fa-th-large\"><\/i>            <\/a>            <div class=\"b-infoblock-with-icon__info f-infoblock-with-icon__info\">                <a href=\"http:\/\/fregaderoscm.com\/cm\/categoria-producto\/linea-submontar\/\" target=\"_self\" class=\"f-infoblock-with-icon__info_title b-infoblock-with-icon__info_title f-primary-sb\">L\u00ednea SUBMONTAR<\/a>                <div class=\"f-infoblock-with-icon__info_text b-infoblock-with-icon__info_text\">Dise\u00f1ados para hacer lucir las cubiertas p\u00e9treas de las cocinas modernas de gran dise\u00f1o.<\/div>            <\/div>        <\/div>    <\/div>    <div class=\"clearfix visible-md-block visible-lg-block\"><\/div>    <\/section>\r\n        <\/div>\r\n    <\/section>\r\n    \n<div class=\"b-product-info b-shortcode-example\">\n<p style=\"text-align: center;\"><span style=\"color: #000000;\"><strong>CM Fregaderos es una marca de Cocinas Modulares, S.A. de C.V.,\u00a0<\/strong><\/span><span style=\"color: #000000;\"><strong>empresa 100% mexicana fundada\u00a0en 1975,<br \/>\ndesde hace 48 a\u00f1os est\u00e1 dedicada a la fabricaci\u00f3n de fregaderos de acero <\/strong><\/span><span style=\"color: #000000;\"><strong>inoxidable de alta calidad.<\/strong><\/span><\/p>\n<p style=\"text-align: center;\"><span style=\"color: #000000;\"><strong>Muchos de nuestros primeros fregaderos siguen dando servicio en hogares mexicanos.\u00a0La calidad de nuestros productos<br \/>\nest\u00e1 determinada por\u00a0<\/strong><\/span><span style=\"color: #000000;\"><strong>materia prima de calidad mundial y procesos productivos innovadores, as\u00ed CM Fregaderos<br \/>\nfue el primer fabricante en M\u00e9xico en hacer fregaderos\u00a0<\/strong><\/span><span style=\"color: #000000;\"><strong>de una sola pieza y tambi\u00e9n el\u00a0primero en utilizar acero inoxidable serie 301.<br \/>\nDesde hace m\u00e1s de 22 a\u00f1os hemos\u00a0exportado fregaderos a\u00a0<\/strong><\/span><span style=\"color: #000000;\"><strong>diversos pa\u00edses.<\/strong><\/span><\/p>\n<p style=\"text-align: center;\"><span style=\"color: #000000;\"><strong>Hemos fabricado millones de fregaderos libres de defectos que satisfacen las necesidades de todo tipo de clientes,<br \/>\ndesde desarrollos de inter\u00e9s social\u00a0<\/strong><\/span><span style=\"color: #000000;\"><strong>hasta condominios de gran lujo.<\/strong><\/span><\/p>\n\r\n\r\n<div class=\"frexy-separator b-hr-stars f-hr-stars  frexy-separator-3\"  style=\"margin-bottom:40px;margin-top:40px;width:50%\">\r\n\r\n                <style type=\"text\/css\" scoped=\"scoped\">\r\n                                                    .frexy-separator-3{\r\n                        min-height: 1px;\r\n                    }\r\n                    .frexy-separator-3:before{\r\n                        top: 0;\r\n                    }\r\n                            <\/style>\r\n    \r\n\r\n    <\/div><div class=\"frexy-person \">\r\n    <\/div>\r\n\n<\/div>\n<div class=\"b-product-info b-shortcode-example\">\n\r\n\r\n    <section id=\"fullwidth-5\" class=\"person b-bg-fullwidth-5 b-bg-parallax parallax-section-bg \" data-type=\"background\" data-speed=\"300\" >\r\n            <style type=\"text\/css\" scoped=\"scoped\">\r\n        #fullwidth-5.b-bg-block-meadow, .b-bg-fullwidth-5.b-bg-parallax {\r\n                                                background-image: url(\"http:\/\/fregaderoscm.com\/cm\/wp-content\/uploads\/2015\/09\/21.jpg\");\r\n                                        background-repeat: no-repeat;\r\n            background-position: Left Top;\r\n                        border: 0px solid ;\r\n                    }\r\n\r\n        #fullwidth-5.b-bg-block-meadow > div,\r\n        #fullwidth-5.parallax-section-bg > .b-bg-block__person,\r\n        #fullwidth-5.b-bg-video .b-bg-video_cont {\r\n                            padding-top: 20px;\r\n                                        padding-bottom: 20px;\r\n                    }\r\n    <\/style>\r\n        <div class=\"b-bg-block__person \">\n\r\n<div class=\"b-bg-video__numbers row j-number-up-wrap \">\r\n    \r\n<div class=\"col-md-4\">\r\n    <div class=\"b-bg-video__numbers_item f-bg-video__numbers_item\" style=\"color:#dedede\">\r\n        <div class=\"b-bg-video__numbers_item_n f-bg-video__numbers_item_n f-primary-b j-number-up\">22<\/div>\r\n                <div class=\"b-bg-video__numbers_item_hint f-bg-video__numbers_item_hint f-primary-l\">A\u00d1OS FABRICANDO<\/div>\r\n    <\/div>\r\n<\/div>\r\n\r\n<div class=\"col-md-4\">\r\n    <div class=\"b-bg-video__numbers_item f-bg-video__numbers_item\" style=\"color:#dedede\">\r\n        <div class=\"b-bg-video__numbers_item_n f-bg-video__numbers_item_n f-primary-b j-number-up\">casi 3 millones<\/div>\r\n                <div class=\"b-bg-video__numbers_item_hint f-bg-video__numbers_item_hint f-primary-l\">FREGADEROS FABRICADOS<\/div>\r\n    <\/div>\r\n<\/div>\r\n\r\n<div class=\"col-md-4\">\r\n    <div class=\"b-bg-video__numbers_item f-bg-video__numbers_item\" style=\"color:#dedede\">\r\n        <div class=\"b-bg-video__numbers_item_n f-bg-video__numbers_item_n f-primary-b j-number-up\">100<\/div>\r\n                <div class=\"b-bg-video__numbers_item_hint f-bg-video__numbers_item_hint f-primary-l\"> % DE CLIENTES SATISFECHOS<\/div>\r\n    <\/div>\r\n<\/div>\r\n<\/div>\n<\/div>\r\n    <\/section>\r\n    \n<\/div>\n","protected":false},"excerpt":{"rendered":"<p>[\/frexy_column][\/frexy_columns][\/frexy_fullwidth] CM Fregaderos es una marca de Cocinas Modulares, S.A. de C.V.,\u00a0empresa 100% mexicana fundada\u00a0en 1975, desde hace 48 a\u00f1os est\u00e1 dedicada a la fabricaci\u00f3n de fregaderos de acero inoxidable de alta calidad. Muchos de nuestros primeros fregaderos siguen dando servicio en hogares mexicanos.\u00a0La calidad de nuestros productos est\u00e1 determinada por\u00a0materia prima de calidad mundial [&hellip;]<\/p>\n","protected":false},"author":1,"featured_media":0,"parent":0,"menu_order":0,"comment_status":"open","ping_status":"closed","template":"template-landing.php","meta":{"_bbp_topic_count":0,"_bbp_reply_count":0,"_bbp_total_topic_count":0,"_bbp_total_reply_count":0,"_bbp_voice_count":0,"_bbp_anonymous_reply_count":0,"_bbp_topic_count_hidden":0,"_bbp_reply_count_hidden":0,"_bbp_forum_subforum_count":0,"footnotes":""},"class_list":["post-1256","page","type-page","status-publish","hentry"],"_links":{"self":[{"href":"https:\/\/fregaderoscm.com\/cm\/wp-json\/wp\/v2\/pages\/1256"}],"collection":[{"href":"https:\/\/fregaderoscm.com\/cm\/wp-json\/wp\/v2\/pages"}],"about":[{"href":"https:\/\/fregaderoscm.com\/cm\/wp-json\/wp\/v2\/types\/page"}],"author":[{"embeddable":true,"href":"https:\/\/fregaderoscm.com\/cm\/wp-json\/wp\/v2\/users\/1"}],"replies":[{"embeddable":true,"href":"https:\/\/fregaderoscm.com\/cm\/wp-json\/wp\/v2\/comments?post=1256"}],"version-history":[{"count":56,"href":"https:\/\/fregaderoscm.com\/cm\/wp-json\/wp\/v2\/pages\/1256\/revisions"}],"predecessor-version":[{"id":4107,"href":"https:\/\/fregaderoscm.com\/cm\/wp-json\/wp\/v2\/pages\/1256\/revisions\/4107"}],"wp:attachment":[{"href":"https:\/\/fregaderoscm.com\/cm\/wp-json\/wp\/v2\/media?parent=1256"}],"curies":[{"name":"wp","href":"https:\/\/api.w.org\/{rel}","templated":true}]}}