{"id":3990,"date":"2015-11-09T16:02:13","date_gmt":"2015-11-09T16:02:13","guid":{"rendered":"http:\/\/fregaderoscm.com\/cm\/?page_id=3990"},"modified":"2024-07-18T18:14:56","modified_gmt":"2024-07-19T00:14:56","slug":"descargas","status":"publish","type":"page","link":"https:\/\/fregaderoscm.com\/cm\/informacion\/descargas\/","title":{"rendered":"Descargas"},"content":{"rendered":"<p><span><div class=\"_df_book df-lite\" id=\"df_4113\"  _slug=\"4113\" data-title=\"catalogo-cm-fregaderos-by-miber-20024\" wpoptions=\"true\" thumbtype=\"\" ><\/div><script class=\"df-shortcode-script\" type=\"application\/javascript\">window.option_df_4113 = {\"outline\":[],\"autoEnableOutline\":\"false\",\"autoEnableThumbnail\":\"false\",\"overwritePDFOutline\":\"false\",\"direction\":\"1\",\"pageSize\":\"0\",\"source\":\"https:\\\/\\\/fregaderoscm.com\\\/cm\\\/wp-content\\\/uploads\\\/2024\\\/07\\\/CATALOGO-CM-REDISENO_-digital.pdf\",\"wpOptions\":\"true\"}; if(window.DFLIP && window.DFLIP.parseBooks){window.DFLIP.parseBooks();}<\/script><\/span><\/p>\n\t<div  class=\"vc_row wpb_row vc_row-fluid\">\n\t<div class=\"vc_col-sm-6 wpb_column vc_column_container \">\n\t\t<div class=\"wpb_wrapper\">\n\t\t\t\n\t<div class=\"wpb_text_column wpb_content_element \">\n\t\t<div class=\"wpb_wrapper\">\n\t\t\t<p>A continuaci\u00f3n puede descargar nuestra fichas t\u00e9cnicas<\/p>\n<p><a target=\"_blank\" href=\"http:\/\/fregaderoscm.com\/cm\/wp-content\/uploads\/2015\/11\/fichaMILENIOfinal.pdf\" rel=\"noopener\">L\u00ednea MILENIO<\/a><\/p>\n<p><a target=\"_blank\" href=\"http:\/\/fregaderoscm.com\/cm\/wp-content\/uploads\/2015\/11\/fichaPLUSfinal.pdf\" rel=\"noopener\">L\u00ednea PLUS<\/a><\/p>\n<p><a target=\"_blank\" href=\"http:\/\/fregaderoscm.com\/cm\/wp-content\/uploads\/2015\/11\/fichaSUBMONTARfinal.pdf\" rel=\"noopener\">L\u00ednea SUBMONTAR<\/a><\/p>\n\n\t\t<\/div> \n\t<\/div> \n\t\t<\/div> \n\t<\/div> \n\n\t<div class=\"vc_col-sm-6 wpb_column vc_column_container \">\n\t\t<div class=\"wpb_wrapper\">\n\t\t\t\n\t<div class=\"wpb_text_column wpb_content_element \">\n\t\t<div class=\"wpb_wrapper\">\n\t\t\t<p>Download spec sheets:<\/p>\n<p><a href=\"http:\/\/fregaderoscm.com\/cm\/wp-content\/uploads\/2019\/01\/CM-630-D-EMP-ENG.pdf\" target=\"_blank\" rel=\"noopener\">CM-630-D<\/a><\/p>\n<p><a href=\"http:\/\/fregaderoscm.com\/cm\/wp-content\/uploads\/2019\/01\/CM-850D-EMP-ENG.pdf\" target=\"_blank\" rel=\"noopener\">CM-850D<\/a><\/p>\n<p><a href=\"http:\/\/fregaderoscm.com\/cm\/wp-content\/uploads\/2019\/01\/CM-8400-ENG.pdf\" target=\"_blank\" rel=\"noopener\">CM-8400<\/a><\/p>\n<p><a href=\"http:\/\/fregaderoscm.com\/cm\/wp-content\/uploads\/2019\/01\/CM-BAR-EMP-ENG.pdf\" target=\"_blank\" rel=\"noopener\">CM-BAR<\/a><\/p>\n\n\t\t<\/div> \n\t<\/div> \n\t\t<\/div> \n\t<\/div> \n<\/div>\n","protected":false},"excerpt":{"rendered":"window.option_df_4113 = {\"outline\":[],\"autoEnableOutline\":\"false\",\"autoEnableThumbnail\":\"false\",\"overwritePDFOutline\":\"false\",\"direction\":\"1\",\"pageSize\":\"0\",\"source\":\"https:\\\/\\\/fregaderoscm.com\\\/cm\\\/wp-content\\\/uploads\\\/2024\\\/07\\\/CATALOGO-CM-REDISENO_-digital.pdf\",\"wpOptions\":\"true\"}; if(window.DFLIP && window.DFLIP.parseBooks){window.DFLIP.parseBooks();} A continuaci\u00f3n puede descargar nuestra fichas t\u00e9cnicas L\u00ednea MILENIO L\u00ednea PLUS L\u00ednea SUBMONTAR Download spec sheets: CM-630-D CM-850D CM-8400 CM-BAR","protected":false},"author":2,"featured_media":0,"parent":347,"menu_order":0,"comment_status":"closed","ping_status":"closed","template":"","meta":{"_bbp_topic_count":0,"_bbp_reply_count":0,"_bbp_total_topic_count":0,"_bbp_total_reply_count":0,"_bbp_voice_count":0,"_bbp_anonymous_reply_count":0,"_bbp_topic_count_hidden":0,"_bbp_reply_count_hidden":0,"_bbp_forum_subforum_count":0,"footnotes":""},"class_list":["post-3990","page","type-page","status-publish","hentry"],"_links":{"self":[{"href":"https:\/\/fregaderoscm.com\/cm\/wp-json\/wp\/v2\/pages\/3990"}],"collection":[{"href":"https:\/\/fregaderoscm.com\/cm\/wp-json\/wp\/v2\/pages"}],"about":[{"href":"https:\/\/fregaderoscm.com\/cm\/wp-json\/wp\/v2\/types\/page"}],"author":[{"embeddable":true,"href":"https:\/\/fregaderoscm.com\/cm\/wp-json\/wp\/v2\/users\/2"}],"replies":[{"embeddable":true,"href":"https:\/\/fregaderoscm.com\/cm\/wp-json\/wp\/v2\/comments?post=3990"}],"version-history":[{"count":4,"href":"https:\/\/fregaderoscm.com\/cm\/wp-json\/wp\/v2\/pages\/3990\/revisions"}],"predecessor-version":[{"id":4116,"href":"https:\/\/fregaderoscm.com\/cm\/wp-json\/wp\/v2\/pages\/3990\/revisions\/4116"}],"up":[{"embeddable":true,"href":"https:\/\/fregaderoscm.com\/cm\/wp-json\/wp\/v2\/pages\/347"}],"wp:attachment":[{"href":"https:\/\/fregaderoscm.com\/cm\/wp-json\/wp\/v2\/media?parent=3990"}],"curies":[{"name":"wp","href":"https:\/\/api.w.org\/{rel}","templated":true}]}}