{"id":673,"date":"2015-01-27T12:18:03","date_gmt":"2015-01-27T12:18:03","guid":{"rendered":"http:\/\/import.sungeetheme.com\/?page_id=517"},"modified":"2016-09-15T15:42:47","modified_gmt":"2016-09-15T15:42:47","slug":"servicios","status":"publish","type":"page","link":"https:\/\/fregaderoscm.com\/cm\/servicios\/","title":{"rendered":"Aviso de Privacidad"},"content":{"rendered":"<p class=\"p3\"><span class=\"Apple-converted-space\"><\/span><b>AVISO DE PRIVACIDAD<\/b><\/p>\n<p class=\"p8\"><span class=\"s1\"><b>COCINAS MODULARES, S.A. DE C.V. <\/b><\/span>con domicilio en Oriente 237, No. 231 &#8211; D y E, Colonia Agr\u00edcola Oriental, Delegaci\u00f3n Iztacalco, C\u00f3digo Postal 08500, Ciudad de M\u00e9xico, es <b>responsable <\/b>de recabar sus datos personales, del tratamiento que se d\u00e9 a los mismos y de su protecci\u00f3n de conformidad con la Ley Federal de Protecci\u00f3n de Datos Personales en Posesi\u00f3n de los Particulares y su reglamento (la<span class=\"s2\"> <\/span>\u201cLey\u201d).<\/p>\n<p class=\"p10\">Su informaci\u00f3n personal ser\u00e1 utilizada para proveer los productos y servicios que usted haya solicitado, informarle sobre cambios en los mismos, evaluar la calidad del servicio prestado, generar la factura correspondiente, avisar sobre promociones en su caso y en general para dar cumplimiento a las obligaciones contra\u00eddas con usted.<\/p>\n<p class=\"p10\">Para esos fines requerimos obtener lo siguientes datos personales: (i) nombre completo o raz\u00f3n social o denominaci\u00f3n y domicilio; (ii) direcci\u00f3n de correo electr\u00f3nico; (iii) tel\u00e9fono de<span class=\"Apple-converted-space\">\u00a0 <\/span>contacto;<\/p>\n<p class=\"p10\">(iv) giro; (v) Registro Federal de Contribuyente, en general informaci\u00f3n necesaria para la emisi\u00f3n de comprobantes fiscales; y, (vi) otros an\u00e1logos en relaci\u00f3n a los productos y servicios que<span class=\"Apple-converted-space\">\u00a0 <\/span>provee y presta esta<span class=\"s2\"> <\/span>empresa.<\/p>\n<p class=\"p10\">Le informamos que esta empresa puede utilizar \u201ccookies\u201d, \u201cdirecciones IP\u201d y\/o \u201cweb beacons\u201d o similares, para confirmar su identificaci\u00f3n digital con el s\u00f3lo prop\u00f3sito de brindarle un servicio personalizado o mejorar la experiencia de navegaci\u00f3n y tener informaci\u00f3n estad\u00edstica \u00fatil sobre geolocalizaci\u00f3n de IP. Mediante el uso de \u201ccookies\u201d, \u201cdirecci\u00f3n IP\u201d y\/o \u201cweb beacons\u201d, no recabamos datos personales de conformidad con la Ley.<\/p>\n<p class=\"p10\">Hemos adoptado niveles de seguridad de protecci\u00f3n de datos personales legalmente<span class=\"Apple-converted-space\">\u00a0 <\/span>requeridos y procuramos implementar aquellos otros medios y medidas t\u00e9cnicas adicionales<span class=\"Apple-converted-space\">\u00a0 <\/span>para evitar p\u00e9rdida, mal uso, alteraci\u00f3n, acceso no autorizado y robo de datos<span class=\"s2\"> <\/span>personales.<\/p>\n<p class=\"p10\">Usted tiene Derecho de Acceso, Ratificaci\u00f3n y Cancelaci\u00f3n de sus datos personales, as\u00ed como<span class=\"Apple-converted-space\">\u00a0 <\/span>de Oponerse al tratamiento de los mismos o a revocar el consentimiento que para tal fin nos haya otorgado, a trav\u00e9s de los procedimientos y formatos que hemos implementado<span class=\"Apple-converted-space\">\u00a0 <\/span>para cumplir con la<span class=\"s2\"> <\/span>Ley.<\/p>\n<p class=\"p10\">Para conocer dichos procedimientos, los requisitos y plazos, se puede poner en contacto con nuestra administraci\u00f3n con atenci\u00f3n al se\u00f1or <b>Ra\u00fal Rivas de la Torre <\/b>en el domicilio ubicado en la calle Oriente 237, No. 231 &#8211; D y E, Colonia Agr\u00edcola Oriental, Delegaci\u00f3n Iztacalco, C\u00f3digo Postal 08500, Ciudad de M\u00e9xico, o al tel\u00e9fono (01.55) 5763-3011 o v\u00eda correo electr\u00f3nico a <a href=\"mailto:direcci%C3%9Bn@cocinasmodulares.com.mx\"><span class=\"s3\">direcci\u00f3n@cocinasmodulares.com.mx <\/span><\/a>el cual solicitamos confirme recepci\u00f3n v\u00eda telef\u00f3nica, con un honorario de atenci\u00f3n de lunes a viernes de 8:30 a 18:00 horas.<\/p>\n<p class=\"p10\">Asimismo, le informamos que sus datos personales pueden ser transferidos y tratados<span class=\"Apple-converted-space\">\u00a0 <\/span>por<span class=\"Apple-converted-space\">\u00a0 <\/span>personas distintas de esta empresa. En ese sentido, su informaci\u00f3n puede ser compartida con centros de servicio t\u00e9cnico y prestadores de servicios autorizados por esta empresa para proveer servicios y productos de servicio t\u00e9cnico, garant\u00eda, reparaciones, refacciones, log\u00edstica, cr\u00e9dito, as\u00ed como empresas de paqueter\u00eda y\/o transporte para hacer llegar a su domicilio los productos solicitados, con sociedades que dictaminen los estados financieros de esta empresa y con instituciones de banca m\u00faltiple para dar cumplimiento a las obligaciones que el responsable de los datos tiene con<span class=\"s2\"> <\/span>usted.<\/p>\n<p class=\"p10\">Si usted no manifiesta oposici\u00f3n para que sus datos personales se transfieran, se entender\u00e1 que ha manifestado su consentimiento para ello.<\/p>\n<p class=\"p10\">Cualquier modificaci\u00f3n a este aviso de privacidad podr\u00e1 consultarla en la siguiente p\u00e1gina electr\u00f3nica dentro del apartado de Aviso de Privacidad:<\/p>\n<p class=\"p13\"><span class=\"s4\"><a href=\"http:\/\/www.fregaderoscm.com\/\">http:\/\/www.fregaderoscm.com<\/a><\/span><\/p>\n<p class=\"p15\">Fecha de \u00faltima actualizaci\u00f3n: 15 de agosto de 2016.<\/p>\n","protected":false},"excerpt":{"rendered":"<p>AVISO DE PRIVACIDAD COCINAS MODULARES, S.A. DE C.V. con domicilio en Oriente 237, No. 231 &#8211; D y E, Colonia Agr\u00edcola Oriental, Delegaci\u00f3n Iztacalco, C\u00f3digo Postal 08500, Ciudad de M\u00e9xico, es responsable de recabar sus datos personales, del tratamiento que se d\u00e9 a los mismos y de su protecci\u00f3n de conformidad con la Ley Federal [&hellip;]<\/p>\n","protected":false},"author":1,"featured_media":0,"parent":0,"menu_order":0,"comment_status":"open","ping_status":"closed","template":"","meta":{"_bbp_topic_count":0,"_bbp_reply_count":0,"_bbp_total_topic_count":0,"_bbp_total_reply_count":0,"_bbp_voice_count":0,"_bbp_anonymous_reply_count":0,"_bbp_topic_count_hidden":0,"_bbp_reply_count_hidden":0,"_bbp_forum_subforum_count":0,"footnotes":""},"class_list":["post-673","page","type-page","status-publish","hentry"],"_links":{"self":[{"href":"https:\/\/fregaderoscm.com\/cm\/wp-json\/wp\/v2\/pages\/673"}],"collection":[{"href":"https:\/\/fregaderoscm.com\/cm\/wp-json\/wp\/v2\/pages"}],"about":[{"href":"https:\/\/fregaderoscm.com\/cm\/wp-json\/wp\/v2\/types\/page"}],"author":[{"embeddable":true,"href":"https:\/\/fregaderoscm.com\/cm\/wp-json\/wp\/v2\/users\/1"}],"replies":[{"embeddable":true,"href":"https:\/\/fregaderoscm.com\/cm\/wp-json\/wp\/v2\/comments?post=673"}],"version-history":[{"count":4,"href":"https:\/\/fregaderoscm.com\/cm\/wp-json\/wp\/v2\/pages\/673\/revisions"}],"predecessor-version":[{"id":4006,"href":"https:\/\/fregaderoscm.com\/cm\/wp-json\/wp\/v2\/pages\/673\/revisions\/4006"}],"wp:attachment":[{"href":"https:\/\/fregaderoscm.com\/cm\/wp-json\/wp\/v2\/media?parent=673"}],"curies":[{"name":"wp","href":"https:\/\/api.w.org\/{rel}","templated":true}]}}