{"id":834,"date":"2015-01-28T13:32:50","date_gmt":"2015-01-28T13:32:50","guid":{"rendered":"http:\/\/import.sungeetheme.com\/?page_id=584"},"modified":"2024-01-08T16:56:05","modified_gmt":"2024-01-08T22:56:05","slug":"empresa","status":"publish","type":"page","link":"https:\/\/fregaderoscm.com\/cm\/empresa\/","title":{"rendered":"Empresa"},"content":{"rendered":"<p><a href=\"http:\/\/fregaderoscm.com\/cm\/wp-content\/uploads\/2015\/09\/CM-BAR1.jpg\"><\/a><\/p>\n\r\n\r\n    <section id=\"fullwidth-1\" class=\"b-bg-block-meadow \" >\r\n            <style type=\"text\/css\" scoped=\"scoped\">\r\n        #fullwidth-1.b-bg-block-meadow, .b-bg-fullwidth-1.b-bg-parallax {\r\n                                                background:  url(\"http:\/\/import.sungeetheme.com\/wp-content\/uploads\/2015\/01\/diagonal-line-bg-light.png\");\r\n                                        background-repeat: repeat;\r\n            background-position: Left Top;\r\n                        border: 1px solid #e6e6e6;\r\n                    }\r\n\r\n        #fullwidth-1.b-bg-block-meadow > div,\r\n        #fullwidth-1.parallax-section-bg > .b-bg-block__person,\r\n        #fullwidth-1.b-bg-video .b-bg-video_cont {\r\n                            padding-top: 20px;\r\n                                        padding-bottom: 20px;\r\n                    }\r\n    <\/style>\r\n        <div class=\"container\">\r\n            \n<div class=\"row\">\r\n    <\/div>\r\n<div class=\"col-sm-6 \" >\r\n    <\/div>\r\n<div class=\"col-sm-6 \" >\r\n    <\/div>\r\n\n<h3 class=\"f-primary-b\">BIENVENIDOS A CM FREGADEROS DE ACERO INOXIDABLE<\/h3>\n<p class=\"f-primary-l\"><a href=\"http:\/\/fregaderoscm.com\/cm\/wp-content\/uploads\/2015\/09\/CM-BAR1.jpg\"><img loading=\"lazy\" decoding=\"async\" src=\"http:\/\/fregaderoscm.com\/cm\/wp-content\/uploads\/2015\/09\/CM-BAR1-300x193.jpg\" alt=\"Erick Cerna Fotograf\u00eda\" class=\"size-medium wp-image-3580 aligncenter\" height=\"193\" width=\"300\" srcset=\"https:\/\/fregaderoscm.com\/cm\/wp-content\/uploads\/2015\/09\/CM-BAR1-300x193.jpg 300w, https:\/\/fregaderoscm.com\/cm\/wp-content\/uploads\/2015\/09\/CM-BAR1-600x386.jpg 600w, https:\/\/fregaderoscm.com\/cm\/wp-content\/uploads\/2015\/09\/CM-BAR1-1024x659.jpg 1024w, https:\/\/fregaderoscm.com\/cm\/wp-content\/uploads\/2015\/09\/CM-BAR1-180x116.jpg 180w\" sizes=\"(max-width: 300px) 100vw, 300px\" \/><\/a><\/p>\n<p class=\"f-primary-l\">CM Fregaderos es una marca 100% mexicana fundada en 1975, desde hace 40 a\u00f1os est\u00e1 dedicada a la fabricaci\u00f3n de fregaderos de acero inoxidable de alta calidad. Muchos de nuestros primeros fregaderos siguen dando servicio en hogares mexicanos.<br \/>\nLa calidad de nuestros productos est\u00e1 determinada por materia prima de calidad mundial y procesos productivos innovadores, as\u00ed CM Fregaderos fue el primer fabricante en M\u00e9xico en hacer fregaderos de una sola pieza y tambi\u00e9n el primer fabricante en utilizar acero inoxidable serie 301. Desde hace m\u00e1s de 22 a\u00f1os hemos exportado fregaderos a diversos pa\u00edses. Hemos fabricado millones de fregaderos libres de defectos que satisfacen las necesidades de todo tipo de clientes, desde desarrollos de inter\u00e9s social hasta condominios de gran lujo.<\/p>\n<ul class=\"c-primary c--inherit b-list-markers f-list-markers b-list-markers--without-leftindent f-list-markers--medium c-primary--all f-color-primary b-list-markers-2col f-list-markers-2col\">\n<li><a href=\"#\"><i class=\"fa fa-check-circle-o b-list-markers__ico f-list-markers__ico\"><\/i> Durabilidad<\/a><\/li>\n<li><a href=\"#\"><i class=\"fa fa-check-circle-o b-list-markers__ico f-list-markers__ico\"><\/i> Calidad<\/a><\/li>\n<li><a href=\"#\"><i class=\"fa fa-check-circle-o b-list-markers__ico f-list-markers__ico\"><\/i> A una sola pieza<\/a><\/li>\n<li><a href=\"#\"><i class=\"fa fa-check-circle-o b-list-markers__ico f-list-markers__ico\"><\/i> Libres de defectos<\/a><\/li>\n<\/ul>\n\r\n    <a\r\n        href=\"\"\r\n        target=\"_self\"\r\n                class=\"button-sm button-custom button-gray-light frexy-button frexy-button-1\"\r\n        title=\"\"\r\n                style=\"color:;background:;border-color:;border-width:2px;padding-bottom:13px\"\r\n        onMouseOver=\"this.style.backgroundColor=''; this.style.color=''\"\r\n        onMouseOut=\"this.style.backgroundColor='';this.style.color=''\"\r\n        >\r\n        CONTACT\u00c9NOS    <\/a>\n        <\/div>\r\n    <\/section>\r\n    \n","protected":false},"excerpt":{"rendered":"#fullwidth-2.b-bg-block-meadow, .b-bg-fullwidth-2.b-bg-parallax { background: url(\"http:\/\/import.sungeetheme.com\/wp-content\/uploads\/2015\/01\/diagonal-line-bg-light.png\"); background-repeat: repeat; background-position: Left Top; border: 1px solid #e6e6e6; } #fullwidth-2.b-bg-block-meadow > div, #fullwidth-2.parallax-section-bg > .b-bg-block__person, #fullwidth-2.b-bg-video .b-bg-video_cont { padding-top: 20px; padding-bottom: 20px; } BIENVENIDOS A CM FREGADEROS DE ACERO INOXIDABLE CM Fregaderos es una marca 100% mexicana fundada en 1975, desde hace 40 a\u00f1os est\u00e1 dedicada a la fabricaci\u00f3n [...]","protected":false},"author":1,"featured_media":0,"parent":0,"menu_order":0,"comment_status":"open","ping_status":"closed","template":"template-fullwidth.php","meta":{"_bbp_topic_count":0,"_bbp_reply_count":0,"_bbp_total_topic_count":0,"_bbp_total_reply_count":0,"_bbp_voice_count":0,"_bbp_anonymous_reply_count":0,"_bbp_topic_count_hidden":0,"_bbp_reply_count_hidden":0,"_bbp_forum_subforum_count":0,"footnotes":""},"class_list":["post-834","page","type-page","status-publish","hentry"],"_links":{"self":[{"href":"https:\/\/fregaderoscm.com\/cm\/wp-json\/wp\/v2\/pages\/834"}],"collection":[{"href":"https:\/\/fregaderoscm.com\/cm\/wp-json\/wp\/v2\/pages"}],"about":[{"href":"https:\/\/fregaderoscm.com\/cm\/wp-json\/wp\/v2\/types\/page"}],"author":[{"embeddable":true,"href":"https:\/\/fregaderoscm.com\/cm\/wp-json\/wp\/v2\/users\/1"}],"replies":[{"embeddable":true,"href":"https:\/\/fregaderoscm.com\/cm\/wp-json\/wp\/v2\/comments?post=834"}],"version-history":[{"count":13,"href":"https:\/\/fregaderoscm.com\/cm\/wp-json\/wp\/v2\/pages\/834\/revisions"}],"predecessor-version":[{"id":4104,"href":"https:\/\/fregaderoscm.com\/cm\/wp-json\/wp\/v2\/pages\/834\/revisions\/4104"}],"wp:attachment":[{"href":"https:\/\/fregaderoscm.com\/cm\/wp-json\/wp\/v2\/media?parent=834"}],"curies":[{"name":"wp","href":"https:\/\/api.w.org\/{rel}","templated":true}]}}