{"id":3718,"date":"2015-09-22T21:58:58","date_gmt":"2015-09-22T21:58:58","guid":{"rendered":"http:\/\/fregaderoscm.com\/cm\/?post_type=product&#038;p=3718"},"modified":"2019-02-12T21:50:43","modified_gmt":"2019-02-12T21:50:43","slug":"cmbar","status":"publish","type":"product","link":"https:\/\/fregaderoscm.com\/cm\/producto\/cmbar\/","title":{"rendered":"CMBAR"},"content":{"rendered":"<p>Acero inoxidable Serie 301<br \/>\nAcabado Satinado Calibre 22<br \/>\nN\u00famero de agujeros para llaves Est\u00e1ndar 2, Opcional 0 &#8211; 1<br \/>\nDi\u00e1metro de agujero para llaves 31mm<br \/>\nDesag\u00fce Rejilla Di\u00e1metro del desag\u00fce 2 1\/2&#8243;<br \/>\nEnsamble Empotrar<\/p>\n","protected":false},"excerpt":{"rendered":"<p><a href=\"http:\/\/fregaderoscm.com\/cm\/wp-content\/uploads\/2015\/09\/cmbarmini.jpg\"><img loading=\"lazy\" decoding=\"async\" src=\"http:\/\/fregaderoscm.com\/cm\/wp-content\/uploads\/2015\/09\/cmbarmini.jpg\" alt=\"cmbarmini\" class=\"alignnone size-full wp-image-3721\" height=\"79\" width=\"134\" \/><\/a>\u00a0 \u00a0Serie 301, Calibre 22<br \/>\n<a href=\"http:\/\/fregaderoscm.com\/cm\/wp-content\/uploads\/2019\/02\/fichaPLUSfinal-1-CMBAR.pdf\" target=\"_blank\">Descargar ficha<\/a><\/p>\n","protected":false},"featured_media":3908,"comment_status":"open","ping_status":"closed","template":"","meta":{"_bbp_topic_count":0,"_bbp_reply_count":0,"_bbp_total_topic_count":0,"_bbp_total_reply_count":0,"_bbp_voice_count":0,"_bbp_anonymous_reply_count":0,"_bbp_topic_count_hidden":0,"_bbp_reply_count_hidden":0,"_bbp_forum_subforum_count":0},"product_cat":[37],"product_tag":[],"class_list":{"0":"post-3718","1":"product","2":"type-product","3":"status-publish","4":"has-post-thumbnail","6":"product_cat-linea-plus","8":"first","9":"instock","10":"shipping-taxable","11":"purchasable","12":"product-type-simple"},"_links":{"self":[{"href":"https:\/\/fregaderoscm.com\/cm\/wp-json\/wp\/v2\/product\/3718"}],"collection":[{"href":"https:\/\/fregaderoscm.com\/cm\/wp-json\/wp\/v2\/product"}],"about":[{"href":"https:\/\/fregaderoscm.com\/cm\/wp-json\/wp\/v2\/types\/product"}],"replies":[{"embeddable":true,"href":"https:\/\/fregaderoscm.com\/cm\/wp-json\/wp\/v2\/comments?post=3718"}],"wp:featuredmedia":[{"embeddable":true,"href":"https:\/\/fregaderoscm.com\/cm\/wp-json\/wp\/v2\/media\/3908"}],"wp:attachment":[{"href":"https:\/\/fregaderoscm.com\/cm\/wp-json\/wp\/v2\/media?parent=3718"}],"wp:term":[{"taxonomy":"product_cat","embeddable":true,"href":"https:\/\/fregaderoscm.com\/cm\/wp-json\/wp\/v2\/product_cat?post=3718"},{"taxonomy":"product_tag","embeddable":true,"href":"https:\/\/fregaderoscm.com\/cm\/wp-json\/wp\/v2\/product_tag?post=3718"}],"curies":[{"name":"wp","href":"https:\/\/api.w.org\/{rel}","templated":true}]}}