{"id":3813,"date":"2015-09-23T00:22:18","date_gmt":"2015-09-23T00:22:18","guid":{"rendered":"http:\/\/fregaderoscm.com\/cm\/?post_type=product&#038;p=3813"},"modified":"2019-02-11T23:21:14","modified_gmt":"2019-02-11T23:21:14","slug":"cos536d","status":"publish","type":"product","link":"https:\/\/fregaderoscm.com\/cm\/producto\/cos536d\/","title":{"rendered":"COS536D"},"content":{"rendered":"<p>Acero inoxidable Serie 301<br \/>\nAcabado Satinado<br \/>\nCalibre 22<br \/>\nN\u00famero de agujeros para llaves<br \/>\nDi\u00e1metro de agujero para llaves n\/a<br \/>\nDesag\u00fce Contracanasta Di\u00e1metro del desag\u00fce 3 1\/2\u201d<br \/>\nEnsamble Submontar<\/p>\n","protected":false},"excerpt":{"rendered":"<p><a href=\"http:\/\/fregaderoscm.com\/cm\/wp-content\/uploads\/2015\/09\/cos536d.jpg\"><img loading=\"lazy\" decoding=\"async\" src=\"http:\/\/fregaderoscm.com\/cm\/wp-content\/uploads\/2015\/09\/cos536d.jpg\" alt=\"cos536d\" class=\"alignnone size-full wp-image-3814\" height=\"84\" width=\"98\" \/><\/a>\u00a0 \u00a0Serie 301, Calibre 22<br \/>\n<a href=\"http:\/\/fregaderoscm.com\/cm\/wp-content\/uploads\/2019\/02\/fichaSUBMONTARfinal-4COS536D.pdf\" target=\"_blank\">Descargar ficha<\/a><\/p>\n","protected":false},"featured_media":3877,"comment_status":"open","ping_status":"closed","template":"","meta":{"_bbp_topic_count":0,"_bbp_reply_count":0,"_bbp_total_topic_count":0,"_bbp_total_reply_count":0,"_bbp_voice_count":0,"_bbp_anonymous_reply_count":0,"_bbp_topic_count_hidden":0,"_bbp_reply_count_hidden":0,"_bbp_forum_subforum_count":0},"product_cat":[40],"product_tag":[],"class_list":{"0":"post-3813","1":"product","2":"type-product","3":"status-publish","4":"has-post-thumbnail","6":"product_cat-linea-submontar","8":"first","9":"instock","10":"shipping-taxable","11":"purchasable","12":"product-type-simple"},"_links":{"self":[{"href":"https:\/\/fregaderoscm.com\/cm\/wp-json\/wp\/v2\/product\/3813"}],"collection":[{"href":"https:\/\/fregaderoscm.com\/cm\/wp-json\/wp\/v2\/product"}],"about":[{"href":"https:\/\/fregaderoscm.com\/cm\/wp-json\/wp\/v2\/types\/product"}],"replies":[{"embeddable":true,"href":"https:\/\/fregaderoscm.com\/cm\/wp-json\/wp\/v2\/comments?post=3813"}],"wp:featuredmedia":[{"embeddable":true,"href":"https:\/\/fregaderoscm.com\/cm\/wp-json\/wp\/v2\/media\/3877"}],"wp:attachment":[{"href":"https:\/\/fregaderoscm.com\/cm\/wp-json\/wp\/v2\/media?parent=3813"}],"wp:term":[{"taxonomy":"product_cat","embeddable":true,"href":"https:\/\/fregaderoscm.com\/cm\/wp-json\/wp\/v2\/product_cat?post=3813"},{"taxonomy":"product_tag","embeddable":true,"href":"https:\/\/fregaderoscm.com\/cm\/wp-json\/wp\/v2\/product_tag?post=3813"}],"curies":[{"name":"wp","href":"https:\/\/api.w.org\/{rel}","templated":true}]}}